{"id":792,"date":"2022-12-16T09:47:20","date_gmt":"2022-12-16T09:47:20","guid":{"rendered":"https:\/\/demo.athemes.com\/sydney-photography\/?page_id=23"},"modified":"2023-09-14T12:24:46","modified_gmt":"2023-09-14T10:24:46","slug":"my-front-page","status":"publish","type":"page","link":"https:\/\/kovacskatinka.hu\/?page_id=792","title":{"rendered":"Szexu\u00e1lpszichol\u00f3gia"},"content":{"rendered":"<style>\/*! elementor - v3.6.7 - 03-07-2022 *\/<br \/>\n.elementor-heading-title{padding:0;margin:0;line-height:1}.elementor-widget-heading .elementor-heading-title[class*=elementor-size-]>a{color:inherit;font-size:inherit;line-height:inherit}.elementor-widget-heading .elementor-heading-title.elementor-size-small{font-size:15px}.elementor-widget-heading .elementor-heading-title.elementor-size-medium{font-size:19px}.elementor-widget-heading .elementor-heading-title.elementor-size-large{font-size:29px}.elementor-widget-heading .elementor-heading-title.elementor-size-xl{font-size:39px}.elementor-widget-heading .elementor-heading-title.elementor-size-xxl{font-size:59px}<\/style>\n<h1 style=\"text-align: center;\">Kov\u00e1cs Katinka<\/h1>\n<h1 style=\"text-align: center;\">szexu\u00e1lpszichol\u00f3giai szakpszichol\u00f3gus<\/h1>\n<p><img loading=\"lazy\" decoding=\"async\" class=\" wp-image-1009 alignleft\" src=\"https:\/\/kovacskatinka.hu\/wp-content\/uploads\/2023\/03\/DSC_7213-200x300.jpg\" alt=\"\" width=\"344\" height=\"516\" srcset=\"https:\/\/kovacskatinka.hu\/wp-content\/uploads\/2023\/03\/DSC_7213-200x300.jpg 200w, https:\/\/kovacskatinka.hu\/wp-content\/uploads\/2023\/03\/DSC_7213-683x1024.jpg 683w, https:\/\/kovacskatinka.hu\/wp-content\/uploads\/2023\/03\/DSC_7213-768x1152.jpg 768w, https:\/\/kovacskatinka.hu\/wp-content\/uploads\/2023\/03\/DSC_7213-1024x1536.jpg 1024w, https:\/\/kovacskatinka.hu\/wp-content\/uploads\/2023\/03\/DSC_7213-1365x2048.jpg 1365w, https:\/\/kovacskatinka.hu\/wp-content\/uploads\/2023\/03\/DSC_7213-1000x1500.jpg 1000w, https:\/\/kovacskatinka.hu\/wp-content\/uploads\/2023\/03\/DSC_7213-230x345.jpg 230w, https:\/\/kovacskatinka.hu\/wp-content\/uploads\/2023\/03\/DSC_7213-350x525.jpg 350w, https:\/\/kovacskatinka.hu\/wp-content\/uploads\/2023\/03\/DSC_7213-480x720.jpg 480w, https:\/\/kovacskatinka.hu\/wp-content\/uploads\/2023\/03\/DSC_7213-scaled.jpg 1707w\" sizes=\"auto, (max-width: 344px) 100vw, 344px\" \/><\/p>\n<p style=\"text-align: justify;\">Amikor a j\u00f3t\u00fcnd\u00e9r az aj\u00e1nd\u00e9kait osztogatta nekem az jutott, hogy k\u00f6nnyed\u00e9n \u00e9s nyitott elfogad\u00e1ssal vagyok k\u00e9pes t\u00e1rsalogni a szexr\u0151l. Tud\u00e1sommal \u00e9s k\u00e9pess\u00e9geimmel \u00e1llok szolg\u00e1lat\u00e1ra azoknak, akik szakszer\u0171 seg\u00edts\u00e9get keresnek az intimit\u00e1s, szexualit\u00e1ssal kapcsolatos neh\u00e9zs\u00e9gek kapcs\u00e1n.<\/p>\n<p style=\"text-align: justify;\">Hiszem, hogy a kiegyens\u00falyozott \u00e9s boldog szexualit\u00e1s a m\u00e9lt\u00f3 emberi \u00e9let \u00e9s j\u00f3l-l\u00e9t alapvet\u0151 r\u00e9sze. Els\u0151 gener\u00e1ci\u00f3s \u00e9rtelmis\u00e9gik\u00e9nt k\u00fcl\u00f6n\u00f6s b\u00fcszkes\u00e9ggel t\u00f6lt el \u00e1lmaim munk\u00e1j\u00e1t v\u00e9gezni.<\/p>\n<p style=\"text-align: justify;\">2019-ben szereztem kit\u00fcntet\u00e9ses diplom\u00e1mat, mint szexu\u00e1lpszichol\u00f3giai szakpszichol\u00f3gus, jelenleg az ELTE Nevel\u00e9studom\u00e1nyi Int\u00e9zet\u00e9nek doktoranduszak\u00e9nt legf\u0151bb kutat\u00e1si ter\u00fcletem a sz\u00fcl\u0151k eszk\u00f6zt\u00e1rb\u0151v\u00edt\u00e9si lehet\u0151s\u00e9gei a gyerekek \u00e9rzelmi-\u00e9s szoci\u00e1lis felj\u0151d\u00e9se kapcs\u00e1n.<\/p>\n<p style=\"text-align: justify;\">Az egy\u00e9ni ell\u00e1t\u00e1s mellett el\u0151ad\u00e1sokat \u00e9s foglalkoz\u00e1sokat tartok szexu\u00e1lis eg\u00e9szs\u00e9gnevel\u00e9s t\u00e9mak\u00f6r\u00e9ben, dolgozok a tabus\u00edt\u00e1s enyh\u00edt\u00e9s\u00e9n. Elk\u00f6telezett vagyok a szexu\u00e1lis kisebbs\u00e9gek \u00e9s a nem-monog\u00e1m kapcsolatban \u00e9l\u0151k t\u00e1mogat\u00e1sa mellett. Legf\u0151bb t\u00f6rekv\u00e9sem a seg\u00edt\u0151 egy\u00fcttm\u0171k\u00f6d\u00e9s, maxim\u00e1lis tekintettel az emberi m\u00e9lt\u00f3s\u00e1gra.<\/p>\n<p style=\"text-align: justify;\">Pszichoeduk\u00e1ci\u00f3val, az \u00f6nismeret \u00e9s a kommunik\u00e1ci\u00f3s k\u00e9szs\u00e9g fejleszt\u00e9s\u00e9vel, specifikusan a szexu\u00e1lis neh\u00e9zs\u00e9gek ter\u00fclet\u00e9re kifejlesztett pszichol\u00f3giai m\u00f3dszerek haszn\u00e1lat\u00e1val seg\u00edtem a hozz\u00e1m fordul\u00f3kat, hogy a probl\u00e9m\u00e1juk m\u00f6g\u00f6tt megh\u00faz\u00f3d\u00f3 pszichol\u00f3giai h\u00e1tteret megismerj\u00e9k, annak \u00fajb\u00f3li megjelen\u00e9s\u00e9t megel\u0151zz\u00e9k, vagy a tov\u00e1bbiakban azt saj\u00e1t er\u0151b\u0151l kezelni tudj\u00e1k. Hiszek abban, hogy a hozz\u00e1m fordul\u00f3t seg\u00edthetem szem\u00e9lyis\u00e9ge \u00e9s k\u00e9pess\u00e9gei kibontakoztat\u00e1s\u00e1ban, jav\u00edtva ezzel \u00e9letmin\u0151s\u00e9g\u00e9t.<\/p>\n<p style=\"text-align: justify;\">Munk\u00e1m sor\u00e1n a Pszichol\u00f3gusok Szakmai Etikai K\u00f3dex\u00e9nek elveit k\u00f6vetem, diszkrimin\u00e1ci\u00f3mentesen j\u00e1rok el, a klienssel val\u00f3 kapcsolatomat a k\u00f6lcs\u00f6n\u00f6s meg\u00e9rt\u00e9sre \u00e9s bizalomra alapozom.<\/p>\n<p style=\"text-align: justify;\">A kett\u0151s kapcsolat elker\u00fcl\u00e9se \u00e9rdek\u00e9ben nem l\u00e9tes\u00edtek pszichol\u00f3giai kliensi kapcsolatot olyan szem\u00e9llyel, akivel szoros kapcsolatban \u00e1llok, vagy aki m\u00e1sik kliensemmel szoros kapcsolatban van.<\/p>\n<p style=\"text-align: justify;\">Titoktart\u00e1si k\u00f6telezetts\u00e9g terhel minden tudom\u00e1somra jutott pszichol\u00f3giai \u00e9s szem\u00e9lyes adat vonatkoz\u00e1s\u00e1ban, amelyek a pszichol\u00f3gusi titokk\u00f6rbe tartoznak. Ezeket az adatokat bizalmasan kezelem, a titoktart\u00e1si k\u00f6telezetts\u00e9gem a kapcsolat lez\u00e1r\u00e1sa ut\u00e1n is fenn\u00e1ll. Ez al\u00f3l kiv\u00e9telt k\u00e9peznek azon esetek, amikor a t\u00f6rv\u00e9ny az adatok k\u00f6zl\u00e9s\u00e9t elrendelni, vagy m\u00e1sok v\u00e9delme sz\u00fcks\u00e9gess\u00e9 teszi, p\u00e9ld\u00e1ul \u00f6n-vagy k\u00f6zvesz\u00e9lyes \u00e1llapotok eset\u00e9ben.<\/p>\n<p style=\"text-align: justify;\">Ment\u00e1l-eg\u00e9szs\u00e9g\u00fcgyi ell\u00e1t\u00e1st folytatok, amelynek kompetenciahat\u00e1rait tartom, \u00edgy nem v\u00e9gzek pszichoter\u00e1pi\u00e1t, gy\u00f3gyszerfel\u00edr\u00e1st, nem l\u00e1tok el pszichi\u00e1triai betegeket, nem v\u00e9gzek igazs\u00e1g\u00fcgyi szak\u00e9rt\u00e9st,\u00a0 szakv\u00e9lem\u00e9ny\u00edr\u00e1st, nem v\u00e1llalok addiktol\u00f3giai eseteket, illetve p\u00e1r- vagy csal\u00e1dter\u00e1pi\u00e1t sem. Az eg\u00e9szs\u00e9ges \u00e9s kiegyens\u00falyozott pszichoszexu\u00e1lis, p\u00e1rkapcsolati \u00e9s \u00e1ltal\u00e1nos m\u0171k\u00f6d\u00e9s el\u00e9r\u00e9s\u00e9ben \u00e9s megtart\u00e1s\u00e1ban, azok s\u00falyosbod\u00e1s\u00e1nak megel\u0151z\u00e9s\u00e9ben seg\u00edtem a hozz\u00e1m fordul\u00f3 eg\u00e9szs\u00e9ges szem\u00e9lyeket, akik az \u00e9let\u00fckben ilyen elakad\u00e1ssal k\u00fczdenek. Sz\u00edvesen dolgozom egy\u00fctt n\u0151gy\u00f3gy\u00e1szokkal, urol\u00f3gussal, androl\u00f3gussal, endokrinol\u00f3gussal \u00e9s b\u0151rgy\u00f3gy\u00e1sszal, a testi \u00e9s lelki \u00e1llapot egyens\u00falyba hoz\u00e1s\u00e1n.<\/p>\n<p style=\"text-align: justify;\">Hivat\u00e1som mellett \u00e9desanya \u00e9s feles\u00e9g vagyok, szeretek kreat\u00edv k\u00e9zm\u0171ves tev\u00e9kenys\u00e9geket folytatni, n\u0151i k\u00f6z\u00f6ss\u00e9get szervezek magam k\u00f6r\u00e9. Feln\u0151ttk\u00e9nt tapasztaltam meg milyen kih\u00edv\u00e1s megtanulni \u00faszni \u00e9s kitart\u00f3 edz\u00e9smunk\u00e1t v\u00e9gezni, \u00f6r\u00f6mmel olvasok nemzetk\u00f6zi szakirodalmat \u00e9s sci-fit.<\/p>\n","protected":false},"excerpt":{"rendered":"<p>Kov\u00e1cs Katinka szexu\u00e1lpszichol\u00f3giai szakpszichol\u00f3gus Amikor a j\u00f3t\u00fcnd\u00e9r az aj\u00e1nd\u00e9kait osztogatta nekem az [&hellip;]<\/p>\n","protected":false},"author":1,"featured_media":0,"parent":0,"menu_order":0,"comment_status":"closed","ping_status":"closed","template":"page-templates\/page_front-page.php","meta":{"footnotes":""},"class_list":["post-792","page","type-page","status-publish","hentry"],"_links":{"self":[{"href":"https:\/\/kovacskatinka.hu\/index.php?rest_route=\/wp\/v2\/pages\/792","targetHints":{"allow":["GET"]}}],"collection":[{"href":"https:\/\/kovacskatinka.hu\/index.php?rest_route=\/wp\/v2\/pages"}],"about":[{"href":"https:\/\/kovacskatinka.hu\/index.php?rest_route=\/wp\/v2\/types\/page"}],"author":[{"embeddable":true,"href":"https:\/\/kovacskatinka.hu\/index.php?rest_route=\/wp\/v2\/users\/1"}],"replies":[{"embeddable":true,"href":"https:\/\/kovacskatinka.hu\/index.php?rest_route=%2Fwp%2Fv2%2Fcomments&post=792"}],"version-history":[{"count":11,"href":"https:\/\/kovacskatinka.hu\/index.php?rest_route=\/wp\/v2\/pages\/792\/revisions"}],"predecessor-version":[{"id":1054,"href":"https:\/\/kovacskatinka.hu\/index.php?rest_route=\/wp\/v2\/pages\/792\/revisions\/1054"}],"wp:attachment":[{"href":"https:\/\/kovacskatinka.hu\/index.php?rest_route=%2Fwp%2Fv2%2Fmedia&parent=792"}],"curies":[{"name":"wp","href":"https:\/\/api.w.org\/{rel}","templated":true}]}}